{"id":5113,"date":"2024-03-11T18:54:42","date_gmt":"2024-03-11T17:54:42","guid":{"rendered":"https:\/\/www.lokora.fr\/?page_id=5113"},"modified":"2024-09-23T11:02:45","modified_gmt":"2024-09-23T09:02:45","slug":"nos-valeurs-lokora","status":"publish","type":"page","link":"https:\/\/www.lokora.fr\/en\/nos-valeurs-lokora\/","title":{"rendered":"Nos valeurs &#8211; Lokora"},"content":{"rendered":"<h2><span style=\"font-weight: 400;\">Durabilit\u00e9 et \u00e9cologie\u00a0<\/span><\/h2>\n<p><img decoding=\"async\" class=\"size-medium wp-image-3258 alignnone\" src=\"https:\/\/www.lokora.fr\/wp-content\/uploads\/2024\/03\/EQUIPE-LOKORA-1-300x225.jpg\" alt=\"\u00e9quipe Lokora\" width=\"300\" height=\"225\" data-wp-editing=\"1\" srcset=\"https:\/\/www.lokora.fr\/wp-content\/uploads\/2024\/03\/EQUIPE-LOKORA-1-300x225.jpg 300w, https:\/\/www.lokora.fr\/wp-content\/uploads\/2024\/03\/EQUIPE-LOKORA-1-768x576.jpg 768w, https:\/\/www.lokora.fr\/wp-content\/uploads\/2024\/03\/EQUIPE-LOKORA-1-422x317.jpg 422w, https:\/\/www.lokora.fr\/wp-content\/uploads\/2024\/03\/EQUIPE-LOKORA-1.jpg 800w\" sizes=\"(max-width: 300px) 100vw, 300px\" \/><\/p>\n<p><span style=\"font-weight: 400;\"><br \/>\nChez Lokora, <strong>nous pla\u00e7ons la durabilit\u00e9 au c\u0153ur de nos actions<\/strong>, en int\u00e9grant des technologies \u00e9cologiques et des pratiques de construction durables pour minimiser notre empreinte \u00e9cologique. Nous croyons fermement \u00e0 l&#8217;importance de prot\u00e9ger notre plan\u00e8te pour les g\u00e9n\u00e9rations futures tout en offrant des espaces de vie confortables et sains.<br \/>\n<strong>Nos r\u00e9sidences sont con\u00e7ues pour r\u00e9duire la consommation d&#8217;\u00e9nergie, utiliser des mat\u00e9riaux respectueux de l&#8217;environnement et favoriser une vie harmonieuse avec la nature<\/strong>.<\/span><\/p>\n<h2><span style=\"font-weight: 400;\">Innovation et modernit\u00e9\u00a0<\/span><\/h2>\n<p><img decoding=\"async\" class=\"size-medium wp-image-3597 alignnone\" src=\"https:\/\/www.lokora.fr\/wp-content\/uploads\/2024\/04\/simonrot85_An_ultra-realistic_photograph_captured_with_a_Sony__fe69ad27-ae8d-411f-9012-c2c5e2e928f2-300x300.webp\" alt=\"lokora nos valeurs\" width=\"300\" height=\"300\" srcset=\"https:\/\/www.lokora.fr\/wp-content\/uploads\/2024\/04\/simonrot85_An_ultra-realistic_photograph_captured_with_a_Sony__fe69ad27-ae8d-411f-9012-c2c5e2e928f2-300x300.webp 300w, https:\/\/www.lokora.fr\/wp-content\/uploads\/2024\/04\/simonrot85_An_ultra-realistic_photograph_captured_with_a_Sony__fe69ad27-ae8d-411f-9012-c2c5e2e928f2-150x150.webp 150w, https:\/\/www.lokora.fr\/wp-content\/uploads\/2024\/04\/simonrot85_An_ultra-realistic_photograph_captured_with_a_Sony__fe69ad27-ae8d-411f-9012-c2c5e2e928f2.webp 700w\" sizes=\"(max-width: 300px) 100vw, 300px\" \/><\/p>\n<p>Lokora s&#8217;engage \u00e0 offrir des r\u00e9sidences qui incarnent l&#8217;innovation et la modernit\u00e9. Nos logements <strong>sont \u00e9quip\u00e9s des derni\u00e8res technologies pour garantir une exp\u00e9rience de vie sans pr\u00e9c\u00e9dent, alliant confort, s\u00e9curit\u00e9 et connectivit\u00e9<\/strong>. Nous visons \u00e0 simplifier la vie quotidienne de nos r\u00e9sidents \u00e0 travers des solutions intelligentes et des espaces de vie adapt\u00e9s \u00e0 leurs besoins, permettant ainsi<strong> un environnement id\u00e9al pour les \u00e9tudes et le d\u00e9veloppement personnel.<\/strong><\/p>\n<p>&nbsp;<\/p>\n<h2><span style=\"font-weight: 400;\">Communaut\u00e9 et bien-\u00eatre<\/span><span style=\"font-weight: 400;\">\u00a0<\/span><\/h2>\n<p>&nbsp;<\/p>\n<p>Nous croyons que <strong>le bien-\u00eatre de nos r\u00e9sidents est essentiel \u00e0 leur succ\u00e8s acad\u00e9mique et personnel<\/strong>. C&#8217;est pourquoi Lokora met un point d&#8217;honneur \u00e0 cr\u00e9er des espaces qui favorisent la coh\u00e9sion, l&#8217;entraide et le bien-\u00eatre. Nos r\u00e9sidences sont con\u00e7ues pour encourager les interactions sociales, <strong>offrir des zones de d\u00e9tente et de travail collaboratif, et soutenir une vie communautaire \u00e9quilibr\u00e9e<\/strong>. En pla\u00e7ant l&#8217;individu au centre de notre projet, nous aspirons \u00e0 offrir un cadre de vie qui stimule \u00e0 la fois la r\u00e9ussite scolaire et l&#8217;\u00e9panouissement personnel.<\/p>\n","protected":false},"excerpt":{"rendered":"<p>Durabilit\u00e9 et \u00e9cologie\u00a0 Chez Lokora, nous pla\u00e7ons la durabilit\u00e9 au c\u0153ur de nos actions, en int\u00e9grant des technologies \u00e9cologiques et [&#8230;]<\/p>\n","protected":false},"author":1,"featured_media":0,"parent":0,"menu_order":0,"comment_status":"closed","ping_status":"closed","template":"","meta":{"_acf_changed":false,"footnotes":""},"class_list":["post-5113","page","type-page","status-publish","hentry"],"acf":[],"yoast_head":"<!-- This site is optimized with the Yoast SEO plugin v25.2 - https:\/\/yoast.com\/wordpress\/plugins\/seo\/ -->\n<title>Nos valeurs - Lokora - Lokora<\/title>\n<meta name=\"robots\" content=\"index, follow, max-snippet:-1, max-image-preview:large, max-video-preview:-1\" \/>\n<link rel=\"canonical\" href=\"https:\/\/www.lokora.fr\/en\/nos-valeurs-lokora\/\" \/>\n<meta property=\"og:locale\" content=\"en_US\" \/>\n<meta property=\"og:type\" content=\"article\" \/>\n<meta property=\"og:title\" content=\"Nos valeurs - Lokora - Lokora\" \/>\n<meta property=\"og:description\" content=\"Durabilit\u00e9 et \u00e9cologie\u00a0 Chez Lokora, nous pla\u00e7ons la durabilit\u00e9 au c\u0153ur de nos actions, en int\u00e9grant des technologies \u00e9cologiques et [...]\" \/>\n<meta property=\"og:url\" content=\"https:\/\/www.lokora.fr\/en\/nos-valeurs-lokora\/\" \/>\n<meta property=\"og:site_name\" content=\"Lokora\" \/>\n<meta property=\"article:publisher\" content=\"https:\/\/www.facebook.com\/people\/Lokora\/61552218247744\/\" \/>\n<meta property=\"article:modified_time\" content=\"2024-09-23T09:02:45+00:00\" \/>\n<meta property=\"og:image\" content=\"https:\/\/www.lokora.fr\/wp-content\/uploads\/2024\/03\/EQUIPE-LOKORA-1-300x225.jpg\" \/>\n<meta name=\"twitter:card\" content=\"summary_large_image\" \/>\n<script type=\"application\/ld+json\" class=\"yoast-schema-graph\">{\"@context\":\"https:\/\/schema.org\",\"@graph\":[{\"@type\":\"WebPage\",\"@id\":\"https:\/\/www.lokora.fr\/en\/nos-valeurs-lokora\/\",\"url\":\"https:\/\/www.lokora.fr\/en\/nos-valeurs-lokora\/\",\"name\":\"Nos valeurs - Lokora - Lokora\",\"isPartOf\":{\"@id\":\"https:\/\/www.lokora.fr\/en\/#website\"},\"primaryImageOfPage\":{\"@id\":\"https:\/\/www.lokora.fr\/en\/nos-valeurs-lokora\/#primaryimage\"},\"image\":{\"@id\":\"https:\/\/www.lokora.fr\/en\/nos-valeurs-lokora\/#primaryimage\"},\"thumbnailUrl\":\"https:\/\/www.lokora.fr\/wp-content\/uploads\/2024\/03\/EQUIPE-LOKORA-1-300x225.jpg\",\"datePublished\":\"2024-03-11T17:54:42+00:00\",\"dateModified\":\"2024-09-23T09:02:45+00:00\",\"breadcrumb\":{\"@id\":\"https:\/\/www.lokora.fr\/en\/nos-valeurs-lokora\/#breadcrumb\"},\"inLanguage\":\"en-US\",\"potentialAction\":[{\"@type\":\"ReadAction\",\"target\":[\"https:\/\/www.lokora.fr\/en\/nos-valeurs-lokora\/\"]}]},{\"@type\":\"ImageObject\",\"inLanguage\":\"en-US\",\"@id\":\"https:\/\/www.lokora.fr\/en\/nos-valeurs-lokora\/#primaryimage\",\"url\":\"https:\/\/www.lokora.fr\/wp-content\/uploads\/2024\/03\/EQUIPE-LOKORA-1-300x225.jpg\",\"contentUrl\":\"https:\/\/www.lokora.fr\/wp-content\/uploads\/2024\/03\/EQUIPE-LOKORA-1-300x225.jpg\"},{\"@type\":\"BreadcrumbList\",\"@id\":\"https:\/\/www.lokora.fr\/en\/nos-valeurs-lokora\/#breadcrumb\",\"itemListElement\":[{\"@type\":\"ListItem\",\"position\":1,\"name\":\"Accueil\",\"item\":\"https:\/\/www.lokora.fr\/en\/\"},{\"@type\":\"ListItem\",\"position\":2,\"name\":\"Nos valeurs &#8211; Lokora\"}]},{\"@type\":\"WebSite\",\"@id\":\"https:\/\/www.lokora.fr\/en\/#website\",\"url\":\"https:\/\/www.lokora.fr\/en\/\",\"name\":\"Lokora\",\"description\":\"Lokora, R\u00e9sidences \u00e9tudiantes en France\",\"publisher\":{\"@id\":\"https:\/\/www.lokora.fr\/en\/#organization\"},\"alternateName\":\"R\u00e9sidences \u00e9tudiantes en France\",\"potentialAction\":[{\"@type\":\"SearchAction\",\"target\":{\"@type\":\"EntryPoint\",\"urlTemplate\":\"https:\/\/www.lokora.fr\/en\/?s={search_term_string}\"},\"query-input\":{\"@type\":\"PropertyValueSpecification\",\"valueRequired\":true,\"valueName\":\"search_term_string\"}}],\"inLanguage\":\"en-US\"},{\"@type\":\"Organization\",\"@id\":\"https:\/\/www.lokora.fr\/en\/#organization\",\"name\":\"LOKORA , R\u00e9sidences \u00e9tudiantes en France\",\"alternateName\":\"LOKORA\",\"url\":\"https:\/\/www.lokora.fr\/en\/\",\"logo\":{\"@type\":\"ImageObject\",\"inLanguage\":\"en-US\",\"@id\":\"https:\/\/www.lokora.fr\/en\/#\/schema\/logo\/image\/\",\"url\":\"https:\/\/www.lokora.fr\/wp-content\/uploads\/2023\/12\/Logo-LOKORA-1.png\",\"contentUrl\":\"https:\/\/www.lokora.fr\/wp-content\/uploads\/2023\/12\/Logo-LOKORA-1.png\",\"width\":274,\"height\":108,\"caption\":\"LOKORA , R\u00e9sidences \u00e9tudiantes en France\"},\"image\":{\"@id\":\"https:\/\/www.lokora.fr\/en\/#\/schema\/logo\/image\/\"},\"sameAs\":[\"https:\/\/www.facebook.com\/people\/Lokora\/61552218247744\/\",\"https:\/\/www.instagram.com\/residences_lokora\/\",\"https:\/\/www.linkedin.com\/company\/lokora-r\u00e9sidences-\u00e9tudiantes?originalSubdomain=fr\"]}]}<\/script>\n<!-- \/ Yoast SEO plugin. -->","yoast_head_json":{"title":"Nos valeurs - Lokora - Lokora","robots":{"index":"index","follow":"follow","max-snippet":"max-snippet:-1","max-image-preview":"max-image-preview:large","max-video-preview":"max-video-preview:-1"},"canonical":"https:\/\/www.lokora.fr\/en\/nos-valeurs-lokora\/","og_locale":"en_US","og_type":"article","og_title":"Nos valeurs - Lokora - Lokora","og_description":"Durabilit\u00e9 et \u00e9cologie\u00a0 Chez Lokora, nous pla\u00e7ons la durabilit\u00e9 au c\u0153ur de nos actions, en int\u00e9grant des technologies \u00e9cologiques et [...]","og_url":"https:\/\/www.lokora.fr\/en\/nos-valeurs-lokora\/","og_site_name":"Lokora","article_publisher":"https:\/\/www.facebook.com\/people\/Lokora\/61552218247744\/","article_modified_time":"2024-09-23T09:02:45+00:00","og_image":[{"url":"https:\/\/www.lokora.fr\/wp-content\/uploads\/2024\/03\/EQUIPE-LOKORA-1-300x225.jpg","type":"","width":"","height":""}],"twitter_card":"summary_large_image","schema":{"@context":"https:\/\/schema.org","@graph":[{"@type":"WebPage","@id":"https:\/\/www.lokora.fr\/en\/nos-valeurs-lokora\/","url":"https:\/\/www.lokora.fr\/en\/nos-valeurs-lokora\/","name":"Nos valeurs - Lokora - Lokora","isPartOf":{"@id":"https:\/\/www.lokora.fr\/en\/#website"},"primaryImageOfPage":{"@id":"https:\/\/www.lokora.fr\/en\/nos-valeurs-lokora\/#primaryimage"},"image":{"@id":"https:\/\/www.lokora.fr\/en\/nos-valeurs-lokora\/#primaryimage"},"thumbnailUrl":"https:\/\/www.lokora.fr\/wp-content\/uploads\/2024\/03\/EQUIPE-LOKORA-1-300x225.jpg","datePublished":"2024-03-11T17:54:42+00:00","dateModified":"2024-09-23T09:02:45+00:00","breadcrumb":{"@id":"https:\/\/www.lokora.fr\/en\/nos-valeurs-lokora\/#breadcrumb"},"inLanguage":"en-US","potentialAction":[{"@type":"ReadAction","target":["https:\/\/www.lokora.fr\/en\/nos-valeurs-lokora\/"]}]},{"@type":"ImageObject","inLanguage":"en-US","@id":"https:\/\/www.lokora.fr\/en\/nos-valeurs-lokora\/#primaryimage","url":"https:\/\/www.lokora.fr\/wp-content\/uploads\/2024\/03\/EQUIPE-LOKORA-1-300x225.jpg","contentUrl":"https:\/\/www.lokora.fr\/wp-content\/uploads\/2024\/03\/EQUIPE-LOKORA-1-300x225.jpg"},{"@type":"BreadcrumbList","@id":"https:\/\/www.lokora.fr\/en\/nos-valeurs-lokora\/#breadcrumb","itemListElement":[{"@type":"ListItem","position":1,"name":"Accueil","item":"https:\/\/www.lokora.fr\/en\/"},{"@type":"ListItem","position":2,"name":"Nos valeurs &#8211; Lokora"}]},{"@type":"WebSite","@id":"https:\/\/www.lokora.fr\/en\/#website","url":"https:\/\/www.lokora.fr\/en\/","name":"Lokora","description":"Lokora, R\u00e9sidences \u00e9tudiantes en France","publisher":{"@id":"https:\/\/www.lokora.fr\/en\/#organization"},"alternateName":"R\u00e9sidences \u00e9tudiantes en France","potentialAction":[{"@type":"SearchAction","target":{"@type":"EntryPoint","urlTemplate":"https:\/\/www.lokora.fr\/en\/?s={search_term_string}"},"query-input":{"@type":"PropertyValueSpecification","valueRequired":true,"valueName":"search_term_string"}}],"inLanguage":"en-US"},{"@type":"Organization","@id":"https:\/\/www.lokora.fr\/en\/#organization","name":"LOKORA , R\u00e9sidences \u00e9tudiantes en France","alternateName":"LOKORA","url":"https:\/\/www.lokora.fr\/en\/","logo":{"@type":"ImageObject","inLanguage":"en-US","@id":"https:\/\/www.lokora.fr\/en\/#\/schema\/logo\/image\/","url":"https:\/\/www.lokora.fr\/wp-content\/uploads\/2023\/12\/Logo-LOKORA-1.png","contentUrl":"https:\/\/www.lokora.fr\/wp-content\/uploads\/2023\/12\/Logo-LOKORA-1.png","width":274,"height":108,"caption":"LOKORA , R\u00e9sidences \u00e9tudiantes en France"},"image":{"@id":"https:\/\/www.lokora.fr\/en\/#\/schema\/logo\/image\/"},"sameAs":["https:\/\/www.facebook.com\/people\/Lokora\/61552218247744\/","https:\/\/www.instagram.com\/residences_lokora\/","https:\/\/www.linkedin.com\/company\/lokora-r\u00e9sidences-\u00e9tudiantes?originalSubdomain=fr"]}]}},"_links":{"self":[{"href":"https:\/\/www.lokora.fr\/en\/wp-json\/wp\/v2\/pages\/5113","targetHints":{"allow":["GET"]}}],"collection":[{"href":"https:\/\/www.lokora.fr\/en\/wp-json\/wp\/v2\/pages"}],"about":[{"href":"https:\/\/www.lokora.fr\/en\/wp-json\/wp\/v2\/types\/page"}],"author":[{"embeddable":true,"href":"https:\/\/www.lokora.fr\/en\/wp-json\/wp\/v2\/users\/1"}],"replies":[{"embeddable":true,"href":"https:\/\/www.lokora.fr\/en\/wp-json\/wp\/v2\/comments?post=5113"}],"version-history":[{"count":1,"href":"https:\/\/www.lokora.fr\/en\/wp-json\/wp\/v2\/pages\/5113\/revisions"}],"predecessor-version":[{"id":5117,"href":"https:\/\/www.lokora.fr\/en\/wp-json\/wp\/v2\/pages\/5113\/revisions\/5117"}],"wp:attachment":[{"href":"https:\/\/www.lokora.fr\/en\/wp-json\/wp\/v2\/media?parent=5113"}],"curies":[{"name":"wp","href":"https:\/\/api.w.org\/{rel}","templated":true}]}}