{"id":5051,"date":"2024-02-28T15:56:10","date_gmt":"2024-02-28T14:56:10","guid":{"rendered":"https:\/\/www.lokora.fr\/a-propos-de-lokora\/"},"modified":"2024-02-28T15:56:10","modified_gmt":"2024-02-28T14:56:10","slug":"a-propos-de-lokora","status":"publish","type":"page","link":"https:\/\/www.lokora.fr\/en\/a-propos-de-lokora\/","title":{"rendered":"A propos de LOKORA"},"content":{"rendered":"<p>La soci\u00e9t\u00e9 LOKORA exploite et dirige, directement ou via ses filiales, des r\u00e9sidences pour \u00e9tudiants et jeunes actifs, constitutives ensemble du groupe LOKORA.<\/p>\n<p>Cette soci\u00e9t\u00e9 exploite aujourd\u2019hui un total de plus de 2000 unit\u00e9s d\u2019h\u00e9bergements sur 15 sites et investit r\u00e9guli\u00e8rement dans l\u2019am\u00e9lioration et la mise en valeur de ses sites.<\/p>\n<p>&nbsp;<\/p>\n<h2><img decoding=\"async\" class=\" wp-image-4837 aligncenter\" src=\"https:\/\/www.lokora.fr\/wp-content\/uploads\/2024\/09\/a-propos-lokora-300x200.png\" alt=\"A propos de LOKORA\" width=\"606\" height=\"404\" srcset=\"https:\/\/www.lokora.fr\/wp-content\/uploads\/2024\/09\/a-propos-lokora-300x200.png 300w, https:\/\/www.lokora.fr\/wp-content\/uploads\/2024\/09\/a-propos-lokora-768x512.png 768w, https:\/\/www.lokora.fr\/wp-content\/uploads\/2024\/09\/a-propos-lokora.png 928w\" sizes=\"(max-width: 606px) 100vw, 606px\" \/><\/h2>\n<p>&nbsp;<\/p>\n<h2>Un acteur ind\u00e9pendant de l\u2019exploitation de r\u00e9sidences \u00e9tudiantes<\/h2>\n<p>&nbsp;<\/p>\n<p>Nous sommes \u00e0 100% un groupe familial \u00e0 taille humaine et <a href=\"https:\/\/lokora.fr\/nos-valeurs\/\">ind\u00e9pendant.<\/a> Nous pouvons ainsi \u0153uvrer au quotidien \u00e0 la d\u00e9fense des int\u00e9r\u00eats de nos partenaires. Le groupe LOKORA tache d\u2019offrir \u00e0 ses locataires la meilleure qualit\u00e9 d\u2019h\u00e9bergement possible. Le tout en garantissant \u00e0 nos propri\u00e9taires bailleurs le paiement de leurs loyers et le bon entretien de leurs patrimoines immobiliers.<\/p>\n<p>&nbsp;<\/p>\n<h2>Une sp\u00e9cialit\u00e9 de la reprise de r\u00e9sidences \u00e9tudiantes existantes<\/h2>\n<p>&nbsp;<\/p>\n<p>LOKORA s\u2019est fait une sp\u00e9cialit\u00e9 de la reprise et de l\u2019optimisation de la gestion de r\u00e9sidences existantes.<br \/>\nNous mettons \u00e0 disposition de nos sites \u00e0 la fois :<\/p>\n<ul>\n<li>Une organisation op\u00e9rationnelle et l\u00e9g\u00e8re, proche du terrain et des besoins de nos clients ; et<\/li>\n<li>Une structure de co\u00fbt optimis\u00e9e et concentr\u00e9e sur l\u2019efficacit\u00e9 op\u00e9rationnelle.\u200b<\/li>\n<\/ul>\n<p>Tout projet de reprise de l\u2019exploitation d\u2019une r\u00e9sidence \u00e9tudiante peut \u00eatre \u00e9tudi\u00e9 par nos soins. Nous vous mettons en lien avec diff\u00e9rents partenaires ou apporteurs comme les syndics, les gestionnaires de r\u00e9sidences \u00e9tudiantes, les conseils syndicaux, les agents immobiliers sp\u00e9cialis\u00e9s.<br \/>\nNous \u00e9tudions aussi la reprise de la gestion d\u2019une r\u00e9sidence \u00e9tudiante sur l\u2019ensemble du territoire fran\u00e7ais. Par nos partenariats, nous disposons d\u2019une connaissance fine des principaux march\u00e9s du logement \u00e9tudiant en France.<\/p>\n<p>&nbsp;<\/p>\n<h2>LOKORA : Une offre d\u2019h\u00e9bergement large et adapt\u00e9e aux besoins des locataires<\/h2>\n<p>&nbsp;<\/p>\n<p>Nous travaillons main dans la main avec nos partenaires et tout particuli\u00e8rement les propri\u00e9taires des appartements, les syndics et les \u00e9tablissements d\u2019enseignement partenaires. Notre objectif est d&#8217;accueillir nos locataires dans les meilleures conditions. LOKORA saura leur offrir un cadre de vie et d\u2019\u00e9tudes agr\u00e9ables.<\/p>\n<p>Nous portons une attention particuli\u00e8re \u00e0 la qualit\u00e9 de nos logements dans lesquels nous r\u00e9alisons r\u00e9guli\u00e8rement des campagnes de r\u00e9novation.<\/p>\n<p>Nous d\u00e9veloppons \u00e9galement en compl\u00e9ment de la location de nos logements \u00e0 des \u00e9tudiants et jeunes actifs une offre de location de courts s\u00e9jours pouvant aller jusqu\u2019\u00e0 des h\u00e9bergements \u00e0 la nuit\u00e9e de type para-h\u00f4tellerie. Cette large gamme d\u2019offre d\u2019h\u00e9bergement nous permet de nous adapter au mieux \u00e0 nos diff\u00e9rents march\u00e9s locaux afin d\u2019optimiser l\u2019occupation de nos sites et d\u2019offrir une rentabilit\u00e9 optimis\u00e9e \u00e0 nos investisseurs.<\/p>\n<p>&nbsp;<\/p>\n<h2>De nouveaux services en lien avec les \u00e9volutions de consommation<\/h2>\n<p>&nbsp;<\/p>\n<p>Nous cherchons \u00e9galement \u00e0 d\u00e9velopper des services annexes dans nos r\u00e9sidences notamment en lien avec les th\u00e9matiques de coliving et de logements connect\u00e9s : salles de sport, acc\u00e8s internet, salles d\u2019\u00e9tudes,\u2026<\/p>\n<p>Ces nouveaux services viennent en compl\u00e9ment des services traditionnels des r\u00e9sidences \u00e9tudiantes tels que l\u2019accueil, la fourniture de linge de maison, le nettoyage ou le petit-d\u00e9jeuner.<br \/>\nNos locataires b\u00e9n\u00e9ficient de ces services dans le cadre de leurs contrats de location, services qui peuvent donner lieu, selon les cas, \u00e0 des facturations compl\u00e9mentaires.<\/p>\n<p>&nbsp;<\/p>\n<h2>De nombreuses collaborations potentielles<\/h2>\n<p>&nbsp;<\/p>\n<p>Afin de r\u00e9pondre de la mani\u00e8re la plus efficace aux besoins de ses clients et propri\u00e9taires bailleurs, le groupe\u00a0LOKORA\u00a0agit en lien avec des partenaires notamment sur les sujets suivants :<\/p>\n<ul>\n<li>Revente des appartements en r\u00e9sidences services de type LMP et LMNP de ses propri\u00e9taires\u00a0bailleurs avec des agences sp\u00e9cialis\u00e9es ;<\/li>\n<li>Syndic de ses r\u00e9sidences pour le compte des syndicats de copropri\u00e9taires de r\u00e9sidences \u00e9tudiantes ;<\/li>\n<li>Reprise de r\u00e9sidences \u00e9tudiantes en fin de bail ;<\/li>\n<li>Garanties locatives : Sur ce point, Nous acceptons la garantie GARANTME pour les \u00e9tudiants ayant pas de garant. Une fois le logement trouv\u00e9, GARANTME certifie votre dossier locatif sous 24h, puis \u00e9met la garantie pour le bailleur sous 2h. GARANTME comme garant, votre dossier locatif est certifi\u00e9 et le bailleur est rassur\u00e9 quant \u00e0 votre solvabilit\u00e9, m\u00eame si vos revenus sont \u00e0 l\u2019\u00e9tranger. Un prix simple : 3,5% du montant du loyer annuel, pay\u00e9s \u00e0 la signature du bail.<br \/>\n\u200b<\/li>\n<\/ul>\n<p>Pour tout projet de partenariat ou proposition de reprise d\u2019exploitation et de gestion d\u2019une r\u00e9sidence \u00e9tudiante, vous pouvez nous contacter directement via le formulaire de contact du site.<\/p>\n","protected":false},"excerpt":{"rendered":"<p>La soci\u00e9t\u00e9 LOKORA exploite et dirige, directement ou via ses filiales, des r\u00e9sidences pour \u00e9tudiants et jeunes actifs, constitutives ensemble [&#8230;]<\/p>\n","protected":false},"author":1,"featured_media":0,"parent":0,"menu_order":0,"comment_status":"closed","ping_status":"closed","template":"","meta":{"_acf_changed":false,"footnotes":""},"class_list":["post-5051","page","type-page","status-publish","hentry"],"acf":[],"yoast_head":"<!-- This site is optimized with the Yoast SEO plugin v25.2 - https:\/\/yoast.com\/wordpress\/plugins\/seo\/ -->\n<title>A propos de LOKORA - Lokora<\/title>\n<meta name=\"description\" content=\"LOKORA g\u00e8re des r\u00e9sidences \u00e9tudiantes avec plus de 2000 lots, en assurant qualit\u00e9 d&#039;h\u00e9bergement et rentabilit\u00e9 des investisseurs !\" \/>\n<meta name=\"robots\" content=\"index, follow, max-snippet:-1, max-image-preview:large, max-video-preview:-1\" \/>\n<link rel=\"canonical\" href=\"https:\/\/www.lokora.fr\/en\/a-propos-de-lokora\/\" \/>\n<meta property=\"og:locale\" content=\"en_US\" \/>\n<meta property=\"og:type\" content=\"article\" \/>\n<meta property=\"og:title\" content=\"A propos de LOKORA - Lokora\" \/>\n<meta property=\"og:description\" content=\"LOKORA g\u00e8re des r\u00e9sidences \u00e9tudiantes avec plus de 2000 lots, en assurant qualit\u00e9 d&#039;h\u00e9bergement et rentabilit\u00e9 des investisseurs !\" \/>\n<meta property=\"og:url\" content=\"https:\/\/www.lokora.fr\/en\/a-propos-de-lokora\/\" \/>\n<meta property=\"og:site_name\" content=\"Lokora\" \/>\n<meta property=\"article:publisher\" content=\"https:\/\/www.facebook.com\/people\/Lokora\/61552218247744\/\" \/>\n<meta property=\"og:image\" content=\"https:\/\/www.lokora.fr\/wp-content\/uploads\/2024\/09\/a-propos-lokora-300x200.png\" \/>\n<meta name=\"twitter:card\" content=\"summary_large_image\" \/>\n<meta name=\"twitter:label1\" content=\"Est. reading time\" \/>\n\t<meta name=\"twitter:data1\" content=\"4 minutes\" \/>\n<script type=\"application\/ld+json\" class=\"yoast-schema-graph\">{\"@context\":\"https:\/\/schema.org\",\"@graph\":[{\"@type\":\"WebPage\",\"@id\":\"https:\/\/www.lokora.fr\/en\/a-propos-de-lokora\/\",\"url\":\"https:\/\/www.lokora.fr\/en\/a-propos-de-lokora\/\",\"name\":\"A propos de LOKORA - Lokora\",\"isPartOf\":{\"@id\":\"https:\/\/www.lokora.fr\/en\/#website\"},\"primaryImageOfPage\":{\"@id\":\"https:\/\/www.lokora.fr\/en\/a-propos-de-lokora\/#primaryimage\"},\"image\":{\"@id\":\"https:\/\/www.lokora.fr\/en\/a-propos-de-lokora\/#primaryimage\"},\"thumbnailUrl\":\"https:\/\/www.lokora.fr\/wp-content\/uploads\/2024\/09\/a-propos-lokora-300x200.png\",\"datePublished\":\"2024-02-28T14:56:10+00:00\",\"description\":\"LOKORA g\u00e8re des r\u00e9sidences \u00e9tudiantes avec plus de 2000 lots, en assurant qualit\u00e9 d'h\u00e9bergement et rentabilit\u00e9 des investisseurs !\",\"breadcrumb\":{\"@id\":\"https:\/\/www.lokora.fr\/en\/a-propos-de-lokora\/#breadcrumb\"},\"inLanguage\":\"en-US\",\"potentialAction\":[{\"@type\":\"ReadAction\",\"target\":[\"https:\/\/www.lokora.fr\/en\/a-propos-de-lokora\/\"]}]},{\"@type\":\"ImageObject\",\"inLanguage\":\"en-US\",\"@id\":\"https:\/\/www.lokora.fr\/en\/a-propos-de-lokora\/#primaryimage\",\"url\":\"https:\/\/www.lokora.fr\/wp-content\/uploads\/2024\/09\/a-propos-lokora-300x200.png\",\"contentUrl\":\"https:\/\/www.lokora.fr\/wp-content\/uploads\/2024\/09\/a-propos-lokora-300x200.png\"},{\"@type\":\"BreadcrumbList\",\"@id\":\"https:\/\/www.lokora.fr\/en\/a-propos-de-lokora\/#breadcrumb\",\"itemListElement\":[{\"@type\":\"ListItem\",\"position\":1,\"name\":\"Accueil\",\"item\":\"https:\/\/www.lokora.fr\/en\/\"},{\"@type\":\"ListItem\",\"position\":2,\"name\":\"A propos de LOKORA\"}]},{\"@type\":\"WebSite\",\"@id\":\"https:\/\/www.lokora.fr\/en\/#website\",\"url\":\"https:\/\/www.lokora.fr\/en\/\",\"name\":\"Lokora\",\"description\":\"Lokora, R\u00e9sidences \u00e9tudiantes en France\",\"publisher\":{\"@id\":\"https:\/\/www.lokora.fr\/en\/#organization\"},\"alternateName\":\"R\u00e9sidences \u00e9tudiantes en France\",\"potentialAction\":[{\"@type\":\"SearchAction\",\"target\":{\"@type\":\"EntryPoint\",\"urlTemplate\":\"https:\/\/www.lokora.fr\/en\/?s={search_term_string}\"},\"query-input\":{\"@type\":\"PropertyValueSpecification\",\"valueRequired\":true,\"valueName\":\"search_term_string\"}}],\"inLanguage\":\"en-US\"},{\"@type\":\"Organization\",\"@id\":\"https:\/\/www.lokora.fr\/en\/#organization\",\"name\":\"LOKORA , R\u00e9sidences \u00e9tudiantes en France\",\"alternateName\":\"LOKORA\",\"url\":\"https:\/\/www.lokora.fr\/en\/\",\"logo\":{\"@type\":\"ImageObject\",\"inLanguage\":\"en-US\",\"@id\":\"https:\/\/www.lokora.fr\/en\/#\/schema\/logo\/image\/\",\"url\":\"https:\/\/www.lokora.fr\/wp-content\/uploads\/2023\/12\/Logo-LOKORA-1.png\",\"contentUrl\":\"https:\/\/www.lokora.fr\/wp-content\/uploads\/2023\/12\/Logo-LOKORA-1.png\",\"width\":274,\"height\":108,\"caption\":\"LOKORA , R\u00e9sidences \u00e9tudiantes en France\"},\"image\":{\"@id\":\"https:\/\/www.lokora.fr\/en\/#\/schema\/logo\/image\/\"},\"sameAs\":[\"https:\/\/www.facebook.com\/people\/Lokora\/61552218247744\/\",\"https:\/\/www.instagram.com\/residences_lokora\/\",\"https:\/\/www.linkedin.com\/company\/lokora-r\u00e9sidences-\u00e9tudiantes?originalSubdomain=fr\"]}]}<\/script>\n<!-- \/ Yoast SEO plugin. -->","yoast_head_json":{"title":"A propos de LOKORA - Lokora","description":"LOKORA g\u00e8re des r\u00e9sidences \u00e9tudiantes avec plus de 2000 lots, en assurant qualit\u00e9 d'h\u00e9bergement et rentabilit\u00e9 des investisseurs !","robots":{"index":"index","follow":"follow","max-snippet":"max-snippet:-1","max-image-preview":"max-image-preview:large","max-video-preview":"max-video-preview:-1"},"canonical":"https:\/\/www.lokora.fr\/en\/a-propos-de-lokora\/","og_locale":"en_US","og_type":"article","og_title":"A propos de LOKORA - Lokora","og_description":"LOKORA g\u00e8re des r\u00e9sidences \u00e9tudiantes avec plus de 2000 lots, en assurant qualit\u00e9 d'h\u00e9bergement et rentabilit\u00e9 des investisseurs !","og_url":"https:\/\/www.lokora.fr\/en\/a-propos-de-lokora\/","og_site_name":"Lokora","article_publisher":"https:\/\/www.facebook.com\/people\/Lokora\/61552218247744\/","og_image":[{"url":"https:\/\/www.lokora.fr\/wp-content\/uploads\/2024\/09\/a-propos-lokora-300x200.png","type":"","width":"","height":""}],"twitter_card":"summary_large_image","twitter_misc":{"Est. reading time":"4 minutes"},"schema":{"@context":"https:\/\/schema.org","@graph":[{"@type":"WebPage","@id":"https:\/\/www.lokora.fr\/en\/a-propos-de-lokora\/","url":"https:\/\/www.lokora.fr\/en\/a-propos-de-lokora\/","name":"A propos de LOKORA - Lokora","isPartOf":{"@id":"https:\/\/www.lokora.fr\/en\/#website"},"primaryImageOfPage":{"@id":"https:\/\/www.lokora.fr\/en\/a-propos-de-lokora\/#primaryimage"},"image":{"@id":"https:\/\/www.lokora.fr\/en\/a-propos-de-lokora\/#primaryimage"},"thumbnailUrl":"https:\/\/www.lokora.fr\/wp-content\/uploads\/2024\/09\/a-propos-lokora-300x200.png","datePublished":"2024-02-28T14:56:10+00:00","description":"LOKORA g\u00e8re des r\u00e9sidences \u00e9tudiantes avec plus de 2000 lots, en assurant qualit\u00e9 d'h\u00e9bergement et rentabilit\u00e9 des investisseurs !","breadcrumb":{"@id":"https:\/\/www.lokora.fr\/en\/a-propos-de-lokora\/#breadcrumb"},"inLanguage":"en-US","potentialAction":[{"@type":"ReadAction","target":["https:\/\/www.lokora.fr\/en\/a-propos-de-lokora\/"]}]},{"@type":"ImageObject","inLanguage":"en-US","@id":"https:\/\/www.lokora.fr\/en\/a-propos-de-lokora\/#primaryimage","url":"https:\/\/www.lokora.fr\/wp-content\/uploads\/2024\/09\/a-propos-lokora-300x200.png","contentUrl":"https:\/\/www.lokora.fr\/wp-content\/uploads\/2024\/09\/a-propos-lokora-300x200.png"},{"@type":"BreadcrumbList","@id":"https:\/\/www.lokora.fr\/en\/a-propos-de-lokora\/#breadcrumb","itemListElement":[{"@type":"ListItem","position":1,"name":"Accueil","item":"https:\/\/www.lokora.fr\/en\/"},{"@type":"ListItem","position":2,"name":"A propos de LOKORA"}]},{"@type":"WebSite","@id":"https:\/\/www.lokora.fr\/en\/#website","url":"https:\/\/www.lokora.fr\/en\/","name":"Lokora","description":"Lokora, R\u00e9sidences \u00e9tudiantes en France","publisher":{"@id":"https:\/\/www.lokora.fr\/en\/#organization"},"alternateName":"R\u00e9sidences \u00e9tudiantes en France","potentialAction":[{"@type":"SearchAction","target":{"@type":"EntryPoint","urlTemplate":"https:\/\/www.lokora.fr\/en\/?s={search_term_string}"},"query-input":{"@type":"PropertyValueSpecification","valueRequired":true,"valueName":"search_term_string"}}],"inLanguage":"en-US"},{"@type":"Organization","@id":"https:\/\/www.lokora.fr\/en\/#organization","name":"LOKORA , R\u00e9sidences \u00e9tudiantes en France","alternateName":"LOKORA","url":"https:\/\/www.lokora.fr\/en\/","logo":{"@type":"ImageObject","inLanguage":"en-US","@id":"https:\/\/www.lokora.fr\/en\/#\/schema\/logo\/image\/","url":"https:\/\/www.lokora.fr\/wp-content\/uploads\/2023\/12\/Logo-LOKORA-1.png","contentUrl":"https:\/\/www.lokora.fr\/wp-content\/uploads\/2023\/12\/Logo-LOKORA-1.png","width":274,"height":108,"caption":"LOKORA , R\u00e9sidences \u00e9tudiantes en France"},"image":{"@id":"https:\/\/www.lokora.fr\/en\/#\/schema\/logo\/image\/"},"sameAs":["https:\/\/www.facebook.com\/people\/Lokora\/61552218247744\/","https:\/\/www.instagram.com\/residences_lokora\/","https:\/\/www.linkedin.com\/company\/lokora-r\u00e9sidences-\u00e9tudiantes?originalSubdomain=fr"]}]}},"_links":{"self":[{"href":"https:\/\/www.lokora.fr\/en\/wp-json\/wp\/v2\/pages\/5051","targetHints":{"allow":["GET"]}}],"collection":[{"href":"https:\/\/www.lokora.fr\/en\/wp-json\/wp\/v2\/pages"}],"about":[{"href":"https:\/\/www.lokora.fr\/en\/wp-json\/wp\/v2\/types\/page"}],"author":[{"embeddable":true,"href":"https:\/\/www.lokora.fr\/en\/wp-json\/wp\/v2\/users\/1"}],"replies":[{"embeddable":true,"href":"https:\/\/www.lokora.fr\/en\/wp-json\/wp\/v2\/comments?post=5051"}],"version-history":[{"count":0,"href":"https:\/\/www.lokora.fr\/en\/wp-json\/wp\/v2\/pages\/5051\/revisions"}],"wp:attachment":[{"href":"https:\/\/www.lokora.fr\/en\/wp-json\/wp\/v2\/media?parent=5051"}],"curies":[{"name":"wp","href":"https:\/\/api.w.org\/{rel}","templated":true}]}}