{"id":2554,"date":"2024-01-03T10:09:25","date_gmt":"2024-01-03T09:09:25","guid":{"rendered":"https:\/\/www.lokora.fr\/pxb-home\/"},"modified":"2024-09-18T08:25:50","modified_gmt":"2024-09-18T06:25:50","slug":"home","status":"publish","type":"page","link":"https:\/\/www.lokora.fr\/en\/","title":{"rendered":"Lokora &#8211; Student residences throughout France"},"content":{"rendered":"<h1>Student accommodation throughout France<\/h1>\n<p>LOKORA student accommodation is fully equipped and offers real hotel standards adapted to the <strong>daily comfort and needs of students<\/strong>!<\/p>\n","protected":false},"excerpt":{"rendered":"<p>Student accommodation throughout France LOKORA student accommodation is fully equipped and offers real hotel standards adapted to the daily comfort [&#8230;]<\/p>\n","protected":false},"author":1,"featured_media":0,"parent":0,"menu_order":0,"comment_status":"closed","ping_status":"closed","template":"page-templates\/home.php","meta":{"_acf_changed":false,"footnotes":""},"class_list":["post-2554","page","type-page","status-publish","hentry"],"acf":[],"yoast_head":"<!-- This site is optimized with the Yoast SEO plugin v25.2 - https:\/\/yoast.com\/wordpress\/plugins\/seo\/ -->\n<title>Lokora - Student residences throughout France<\/title>\n<meta name=\"description\" content=\"LOKORA, gestionnaire de r\u00e9sidence \u00e9tudiante propose des logements aux \u00e9tudiants allant des studios aux T3 partout en France.\" \/>\n<meta name=\"robots\" content=\"index, follow, max-snippet:-1, max-image-preview:large, max-video-preview:-1\" \/>\n<link rel=\"canonical\" href=\"https:\/\/www.lokora.fr\/en\/\" \/>\n<meta property=\"og:locale\" content=\"en_US\" \/>\n<meta property=\"og:type\" content=\"article\" \/>\n<meta property=\"og:title\" content=\"Lokora - Student residences throughout France\" \/>\n<meta property=\"og:description\" content=\"LOKORA, gestionnaire de r\u00e9sidence \u00e9tudiante propose des logements aux \u00e9tudiants allant des studios aux T3 partout en France.\" \/>\n<meta property=\"og:url\" content=\"https:\/\/www.lokora.fr\/en\/\" \/>\n<meta property=\"og:site_name\" content=\"Lokora\" \/>\n<meta property=\"article:publisher\" content=\"https:\/\/www.facebook.com\/people\/Lokora\/61552218247744\/\" \/>\n<meta property=\"article:modified_time\" content=\"2024-09-18T06:25:50+00:00\" \/>\n<meta name=\"twitter:card\" content=\"summary_large_image\" \/>\n<meta name=\"twitter:label1\" content=\"Est. reading time\" \/>\n\t<meta name=\"twitter:data1\" content=\"1 minute\" \/>\n<script type=\"application\/ld+json\" class=\"yoast-schema-graph\">{\"@context\":\"https:\/\/schema.org\",\"@graph\":[{\"@type\":\"WebPage\",\"@id\":\"https:\/\/www.lokora.fr\/en\/\",\"url\":\"https:\/\/www.lokora.fr\/en\/\",\"name\":\"Lokora - Student residences throughout France\",\"isPartOf\":{\"@id\":\"https:\/\/www.lokora.fr\/en\/#website\"},\"datePublished\":\"2024-01-03T09:09:25+00:00\",\"dateModified\":\"2024-09-18T06:25:50+00:00\",\"description\":\"LOKORA, gestionnaire de r\u00e9sidence \u00e9tudiante propose des logements aux \u00e9tudiants allant des studios aux T3 partout en France.\",\"breadcrumb\":{\"@id\":\"https:\/\/www.lokora.fr\/en\/#breadcrumb\"},\"inLanguage\":\"en-US\",\"potentialAction\":[{\"@type\":\"ReadAction\",\"target\":[\"https:\/\/www.lokora.fr\/en\/\"]}]},{\"@type\":\"BreadcrumbList\",\"@id\":\"https:\/\/www.lokora.fr\/en\/#breadcrumb\",\"itemListElement\":[{\"@type\":\"ListItem\",\"position\":1,\"name\":\"Accueil\",\"item\":\"https:\/\/www.lokora.fr\/en\/\"},{\"@type\":\"ListItem\",\"position\":2,\"name\":\"Lokora &#8211; Student residences throughout France\"}]},{\"@type\":\"WebSite\",\"@id\":\"https:\/\/www.lokora.fr\/en\/#website\",\"url\":\"https:\/\/www.lokora.fr\/en\/\",\"name\":\"Lokora\",\"description\":\"Lokora, R\u00e9sidences \u00e9tudiantes en France\",\"publisher\":{\"@id\":\"https:\/\/www.lokora.fr\/en\/#organization\"},\"alternateName\":\"R\u00e9sidences \u00e9tudiantes en France\",\"potentialAction\":[{\"@type\":\"SearchAction\",\"target\":{\"@type\":\"EntryPoint\",\"urlTemplate\":\"https:\/\/www.lokora.fr\/en\/?s={search_term_string}\"},\"query-input\":{\"@type\":\"PropertyValueSpecification\",\"valueRequired\":true,\"valueName\":\"search_term_string\"}}],\"inLanguage\":\"en-US\"},{\"@type\":\"Organization\",\"@id\":\"https:\/\/www.lokora.fr\/en\/#organization\",\"name\":\"LOKORA , R\u00e9sidences \u00e9tudiantes en France\",\"alternateName\":\"LOKORA\",\"url\":\"https:\/\/www.lokora.fr\/en\/\",\"logo\":{\"@type\":\"ImageObject\",\"inLanguage\":\"en-US\",\"@id\":\"https:\/\/www.lokora.fr\/en\/#\/schema\/logo\/image\/\",\"url\":\"https:\/\/www.lokora.fr\/wp-content\/uploads\/2023\/12\/Logo-LOKORA-1.png\",\"contentUrl\":\"https:\/\/www.lokora.fr\/wp-content\/uploads\/2023\/12\/Logo-LOKORA-1.png\",\"width\":274,\"height\":108,\"caption\":\"LOKORA , R\u00e9sidences \u00e9tudiantes en France\"},\"image\":{\"@id\":\"https:\/\/www.lokora.fr\/en\/#\/schema\/logo\/image\/\"},\"sameAs\":[\"https:\/\/www.facebook.com\/people\/Lokora\/61552218247744\/\",\"https:\/\/www.instagram.com\/residences_lokora\/\",\"https:\/\/www.linkedin.com\/company\/lokora-r\u00e9sidences-\u00e9tudiantes?originalSubdomain=fr\"]}]}<\/script>\n<!-- \/ Yoast SEO plugin. -->","yoast_head_json":{"title":"Lokora - Student residences throughout France","description":"LOKORA, gestionnaire de r\u00e9sidence \u00e9tudiante propose des logements aux \u00e9tudiants allant des studios aux T3 partout en France.","robots":{"index":"index","follow":"follow","max-snippet":"max-snippet:-1","max-image-preview":"max-image-preview:large","max-video-preview":"max-video-preview:-1"},"canonical":"https:\/\/www.lokora.fr\/en\/","og_locale":"en_US","og_type":"article","og_title":"Lokora - Student residences throughout France","og_description":"LOKORA, gestionnaire de r\u00e9sidence \u00e9tudiante propose des logements aux \u00e9tudiants allant des studios aux T3 partout en France.","og_url":"https:\/\/www.lokora.fr\/en\/","og_site_name":"Lokora","article_publisher":"https:\/\/www.facebook.com\/people\/Lokora\/61552218247744\/","article_modified_time":"2024-09-18T06:25:50+00:00","twitter_card":"summary_large_image","twitter_misc":{"Est. reading time":"1 minute"},"schema":{"@context":"https:\/\/schema.org","@graph":[{"@type":"WebPage","@id":"https:\/\/www.lokora.fr\/en\/","url":"https:\/\/www.lokora.fr\/en\/","name":"Lokora - Student residences throughout France","isPartOf":{"@id":"https:\/\/www.lokora.fr\/en\/#website"},"datePublished":"2024-01-03T09:09:25+00:00","dateModified":"2024-09-18T06:25:50+00:00","description":"LOKORA, gestionnaire de r\u00e9sidence \u00e9tudiante propose des logements aux \u00e9tudiants allant des studios aux T3 partout en France.","breadcrumb":{"@id":"https:\/\/www.lokora.fr\/en\/#breadcrumb"},"inLanguage":"en-US","potentialAction":[{"@type":"ReadAction","target":["https:\/\/www.lokora.fr\/en\/"]}]},{"@type":"BreadcrumbList","@id":"https:\/\/www.lokora.fr\/en\/#breadcrumb","itemListElement":[{"@type":"ListItem","position":1,"name":"Accueil","item":"https:\/\/www.lokora.fr\/en\/"},{"@type":"ListItem","position":2,"name":"Lokora &#8211; Student residences throughout France"}]},{"@type":"WebSite","@id":"https:\/\/www.lokora.fr\/en\/#website","url":"https:\/\/www.lokora.fr\/en\/","name":"Lokora","description":"Lokora, R\u00e9sidences \u00e9tudiantes en France","publisher":{"@id":"https:\/\/www.lokora.fr\/en\/#organization"},"alternateName":"R\u00e9sidences \u00e9tudiantes en France","potentialAction":[{"@type":"SearchAction","target":{"@type":"EntryPoint","urlTemplate":"https:\/\/www.lokora.fr\/en\/?s={search_term_string}"},"query-input":{"@type":"PropertyValueSpecification","valueRequired":true,"valueName":"search_term_string"}}],"inLanguage":"en-US"},{"@type":"Organization","@id":"https:\/\/www.lokora.fr\/en\/#organization","name":"LOKORA , R\u00e9sidences \u00e9tudiantes en France","alternateName":"LOKORA","url":"https:\/\/www.lokora.fr\/en\/","logo":{"@type":"ImageObject","inLanguage":"en-US","@id":"https:\/\/www.lokora.fr\/en\/#\/schema\/logo\/image\/","url":"https:\/\/www.lokora.fr\/wp-content\/uploads\/2023\/12\/Logo-LOKORA-1.png","contentUrl":"https:\/\/www.lokora.fr\/wp-content\/uploads\/2023\/12\/Logo-LOKORA-1.png","width":274,"height":108,"caption":"LOKORA , R\u00e9sidences \u00e9tudiantes en France"},"image":{"@id":"https:\/\/www.lokora.fr\/en\/#\/schema\/logo\/image\/"},"sameAs":["https:\/\/www.facebook.com\/people\/Lokora\/61552218247744\/","https:\/\/www.instagram.com\/residences_lokora\/","https:\/\/www.linkedin.com\/company\/lokora-r\u00e9sidences-\u00e9tudiantes?originalSubdomain=fr"]}]}},"_links":{"self":[{"href":"https:\/\/www.lokora.fr\/en\/wp-json\/wp\/v2\/pages\/2554","targetHints":{"allow":["GET"]}}],"collection":[{"href":"https:\/\/www.lokora.fr\/en\/wp-json\/wp\/v2\/pages"}],"about":[{"href":"https:\/\/www.lokora.fr\/en\/wp-json\/wp\/v2\/types\/page"}],"author":[{"embeddable":true,"href":"https:\/\/www.lokora.fr\/en\/wp-json\/wp\/v2\/users\/1"}],"replies":[{"embeddable":true,"href":"https:\/\/www.lokora.fr\/en\/wp-json\/wp\/v2\/comments?post=2554"}],"version-history":[{"count":70,"href":"https:\/\/www.lokora.fr\/en\/wp-json\/wp\/v2\/pages\/2554\/revisions"}],"predecessor-version":[{"id":4963,"href":"https:\/\/www.lokora.fr\/en\/wp-json\/wp\/v2\/pages\/2554\/revisions\/4963"}],"wp:attachment":[{"href":"https:\/\/www.lokora.fr\/en\/wp-json\/wp\/v2\/media?parent=2554"}],"curies":[{"name":"wp","href":"https:\/\/api.w.org\/{rel}","templated":true}]}}